{"id":23176,"date":"2023-04-27T10:36:39","date_gmt":"2023-04-27T15:36:39","guid":{"rendered":"https:\/\/blogs.edf.org\/climate411\/?page_id=23176"},"modified":"2023-04-27T10:50:12","modified_gmt":"2023-04-27T15:50:12","slug":"el-financiamiento-climatico-relacionado-con-los-bosques-debe-ser-mas-equitativo-para-apoyar-a-los-pueblos-indigenas-y-las-comunidades-locales","status":"publish","type":"page","link":"https:\/\/blogs.edf.org\/climate411\/el-financiamiento-climatico-relacionado-con-los-bosques-debe-ser-mas-equitativo-para-apoyar-a-los-pueblos-indigenas-y-las-comunidades-locales\/","title":{"rendered":"El financiamiento clim\u00e1tico relacionado con los bosques debe ser m\u00e1s equitativo para apoyar a los Pueblos Ind\u00edgenas y las comunidades locales"},"content":{"rendered":"<p><i data-stringify-type=\"italic\">Este art\u00edculo ha sido escrito conjuntamente por Julia Paltseva, analista principal de EDF, y Tuntiak Katan, de la Coordinadora de Organizaciones Ind\u00edgenas de la Cuenca Amaz\u00f3nica (COICA). <\/i><i data-stringify-type=\"italic\">Para m\u00e1s informaci\u00f3n sobre bosques con extensa cubierta forestal y bajas tasas de deforestaci\u00f3n, visite\u00a0<a class=\"c-link\" href=\"http:\/\/edf.org\/hfld\" target=\"_blank\" rel=\"noopener noreferrer\" data-stringify-link=\"http:\/\/edf.org\/hfld\" data-sk=\"tooltip_parent\">edf.org\/hfld<\/a>.<\/i><\/p>\n<figure id=\"attachment_23118\" aria-describedby=\"caption-attachment-23118\" style=\"width: 2560px\" class=\"wp-caption alignnone\"><a href=\"https:\/\/blogs.edf.org\/climate411\/2023\/04\/12\/forest-climate-finance-must-be-more-equitable-to-support-indigenous-peoples-and-local-communities\/indigenous-communities-ecuador-2022\/\" rel=\"attachment wp-att-23118\"><img loading=\"lazy\" decoding=\"async\" class=\"size-full wp-image-23118\" src=\"https:\/\/blogs.edf.org\/climate411\/wp-content\/uploads\/sites\/7\/2023\/04\/7O0A6875-scaled.jpg\" alt=\"\" width=\"2560\" height=\"1708\" srcset=\"https:\/\/blogs.edf.org\/climate411\/wp-content\/blogs.dir\/7\/files\/2023\/04\/7O0A6875-scaled.jpg 2560w, https:\/\/blogs.edf.org\/climate411\/wp-content\/blogs.dir\/7\/files\/2023\/04\/7O0A6875-300x200.jpg 300w, https:\/\/blogs.edf.org\/climate411\/wp-content\/blogs.dir\/7\/files\/2023\/04\/7O0A6875-1024x683.jpg 1024w, https:\/\/blogs.edf.org\/climate411\/wp-content\/blogs.dir\/7\/files\/2023\/04\/7O0A6875-768x512.jpg 768w, https:\/\/blogs.edf.org\/climate411\/wp-content\/blogs.dir\/7\/files\/2023\/04\/7O0A6875-1536x1025.jpg 1536w, https:\/\/blogs.edf.org\/climate411\/wp-content\/blogs.dir\/7\/files\/2023\/04\/7O0A6875-2048x1366.jpg 2048w\" sizes=\"auto, (max-width: 2560px) 100vw, 2560px\" \/><\/a><figcaption id=\"caption-attachment-23118\" class=\"wp-caption-text\">Tuntiak Katan, de la Coordinadora de las Organizaciones Ind\u00edgenas de la Cuenca Amaz\u00f3nica (COICA). Foto de Leslie Von Pless, EDF<\/figcaption><\/figure>\n<p><a href=\"https:\/\/blogs.edf.org\/climate411\/2023\/04\/12\/forest-climate-finance-must-be-more-equitable-to-support-indigenous-peoples-and-local-communities\/\">Read in English<\/a><\/p>\n<p><a href=\"https:\/\/blogs.edf.org\/climate411\/?page_id=23177&amp;preview=true\">Lire en fran\u00e7ais<\/a><\/p>\n<p>Los bosques son una pieza esencial de la soluci\u00f3n del cambio clim\u00e1tico, y su conservaci\u00f3n eficaz requiere el empoderamiento de los Pueblos Ind\u00edgenas y las comunidades locales (PICL). En todo el mundo, los PICL han protegido los bosques durante generaciones. Sin embargo, frente a las crecientes presiones econ\u00f3micas para talar los bosques, los actuales incentivos dise\u00f1ados para mantener los bosques en pie son en gran medida inaccesibles para las comunidades que viven en \u00e1reas con niveles hist\u00f3ricamente bajos de p\u00e9rdida forestal, conocidas como <a href=\"https:\/\/www.edf.org\/sites\/default\/files\/2023-03\/HFLD factsheet_final.pdf\">regiones con extensa cubierta forestal y bajas tasas de deforestaci\u00f3n (HFLD por sus siglas en ingl\u00e9s).<\/a><\/p>\n<p>Un <a href=\"https:\/\/www.edf.org\/redd-protecting-tropical-forests\">sistema global de incentivos para actividades de REDD+<\/a> eficaz y equitativo destinado a reducir la deforestaci\u00f3n deber\u00eda recompensar a todas las jurisdicciones y actores relevantes, incluidos los <a href=\"https:\/\/www.researchgate.net\/publication\/253238011_Tropical_Deforestation_and_Climate_Change\">emisores hist\u00f3ricos y los protectores hist\u00f3ricos<\/a> de las reservas de carbono, como los PICL. Debemos eliminar la p\u00e9rdida de bosques en las zonas donde ya es una realidad. Al mismo tiempo, debemos evitar el futuro aumento de las tasas de deforestaci\u00f3n en \u00e1reas con p\u00e9rdidas forestales hist\u00f3ricamente bajas: regiones HFLD.<!--more--><\/p>\n<p><strong>Guardianes del bosque<\/strong><br \/>\nLos Pueblos Ind\u00edgenas y las comunidades locales son algunos de los mejores protectores de los bosques, especialmente cuando gozan de amplios derechos a la tenencia y la tierra. <a href=\"https:\/\/www.prisma.org.sv\/wp-content\/uploads\/2020\/01\/Conservation_and_Community_Rights.pdf\">En Mesoam\u00e9rica, los PICL administran la mitad de las \u00e1reas boscosas<\/a>. En la Amazon\u00eda, <a href=\"https:\/\/doi.org\/10.1080\/17583004.2014.990680\">los Pueblos Ind\u00edgenas administran m\u00e1s del 30 % de la selva tropical<\/a>, y las im\u00e1genes satelitales muestran que las tasas de deforestaci\u00f3n en los territorios Ind\u00edgenas <a href=\"https:\/\/doi.org\/10.1073\/pnas.1913321117\">son aproximadamente la mitad<\/a> de lo que son en tierras circundantes similares. Los PICL suelen practicar la gesti\u00f3n forestal sostenible, mediante la agrosilvicultura y la agricultura de bajo impacto, lo que les permite satisfacer sus necesidades y conservar eficazmente los bosques.<\/p>\n<p>A pesar de un exitoso historial de mantenimiento de bosques intactos, las comunidades forestales han recibido de forma directa <a href=\"https:\/\/d5i6is0eze552.cloudfront.net\/documents\/Publikasjoner\/Andre-rapporter\/RFN_Falling_short_2021.pdf\">menos del uno por ciento<\/a> de la ayuda gubernamental internacional para la mitigaci\u00f3n y adaptaci\u00f3n al cambio clim\u00e1tico en la \u00faltima d\u00e9cada. El mercado voluntario de carbono, <a href=\"https:\/\/www.ecosystemmarketplace.com\/articles\/the-art-of-integrity-state-of-the-voluntary-carbon-markets-q3-2022\/\">que ha aumentado a casi USD 2000 millones de d\u00f3lares hasta 2021<\/a>, impulsado por el sector privado, adem\u00e1s de la ayuda internacional, puede proporcionar este apoyo financiero necesario. Se prev\u00e9 que la demanda corporativa de cr\u00e9ditos para bosques tropicales <a href=\"https:\/\/trove-research.com\/report\/impact-of-the-voluntary-carbon-market-on-tropical-forest-countries-implications-for-corresponding-adjustments\/\">superar\u00e1 la oferta<\/a> ya en 2030. Este r\u00e1pido aumento de posibles cr\u00e9ditos de carbono debe apoyar a los actores forestales, especialmente a los Pueblos Ind\u00edgenas y las comunidades locales, ya que a menudo son los que trabajan activamente para la conservaci\u00f3n de los bosques. Es fundamental que los flujos de financiamiento clim\u00e1tico sean accesibles, inclusivos y equitativos. Sin embargo, la situaci\u00f3n actual para el c\u00e1lculo de los cr\u00e9ditos de carbono es desfavorable para los PICL si no se modifican las leyes en los territorios HFLD para determinar el progreso de la reducci\u00f3n de emisiones, como la inclusi\u00f3n de un <a href=\"https:\/\/redd.unfccc.int\/fact-sheets\/forest-reference-emission-levels.html\">Nivel de Referencia de Emisiones Forestales (NREF)<\/a> diferenciado.<\/p>\n<p><strong>Se necesita una financiaci\u00f3n clim\u00e1tica m\u00e1s inclusiva<\/strong><br \/>\nLos PICL deben tener una participaci\u00f3n activa en el proceso de generaci\u00f3n de cr\u00e9ditos, as\u00ed como acceso directo al financiamiento de carbono disponible para las actividades de REDD+. El signo &#8220;+&#8221; en la sigla REDD+ representa la conservaci\u00f3n y el aumento de las reservas de carbono forestal, junto con la gesti\u00f3n sostenible de los bosques, que es exactamente lo que promueven los mecanismos de acreditaci\u00f3n para regiones HFLD. Las regiones HFLD son \u00e1reas recientemente conectadas con los mercados y, por esta raz\u00f3n, las personas que las administran han mantenido bajas tasas de p\u00e9rdida de bosques y han renunciado a los ingresos provenientes de la tala y a los posibles beneficios obtenidos a partir del uso alternativo de la tierra. Al mismo tiempo, el desarrollo econ\u00f3mico y el aumento de los ingresos para mejorar los resultados sociales son un imperativo en muchas jurisdicciones HFLD. Debido a los servicios de conservaci\u00f3n de bosques que las comunidades Ind\u00edgenas y forestales han prestado durante generaciones, y que contin\u00faan prestando, ser\u00e1n las que m\u00e1s se beneficiar\u00e1n de las metodolog\u00edas que valoran y acreditan las regiones HFLD y el trabajo requerido para mantener el estado HFLD.<\/p>\n<p>El marco actual de contabilidad del carbono, tanto para pagos basados en resultados como para cr\u00e9ditos t\u00edpicos de reducci\u00f3n de emisiones, utiliza los NREF basados en mediciones hist\u00f3ricas recientes para medir el progreso de las reducciones de emisiones. Este enfoque significa efectivamente que las \u00e1reas con las mayores emisiones hist\u00f3ricas (es decir, de la deforestaci\u00f3n) son las que m\u00e1s pueden reducir sus emisiones y, por lo tanto, generar los mayores resultados. Canalizar el financiamiento clim\u00e1tico de esta manera puede crear un incentivo perverso para impulsar la deforestaci\u00f3n en la actualidad con el fin de acceder al financiamiento en el futuro.<\/p>\n<p>Adem\u00e1s, existen claros problemas de equidad asociados con solo recompensar a las regiones donde hist\u00f3ricamente se ha permitido aumentar la deforestaci\u00f3n. Los actuales sistemas de contabilidad favorecen la reducci\u00f3n de emisiones y la eliminaci\u00f3n de los resultados en \u00e1reas de emisiones hist\u00f3ricamente altas, lo que tiene la consecuencia de penalizar con eficacia las acciones hist\u00f3ricas exitosas para preservar los bosques en pie. Si las jurisdicciones HFLD est\u00e1n excluidas de la acreditaci\u00f3n, las jurisdicciones y los propietarios de tierras podr\u00edan reunir los requisitos para obtener cr\u00e9ditos por la reducci\u00f3n de emisiones solo despu\u00e9s de que haya ocurrido la suficiente deforestaci\u00f3n y se retire la designaci\u00f3n HFLD. Se trata de un resultado clim\u00e1tico perverso y muy desigual. Esto es injusticia clim\u00e1tica.<\/p>\n<p>Acreditar a las regiones HFLD mediante un m\u00f3dulo de contabilidad que reconozca el \u00e9xito de la protecci\u00f3n forestal recompensar\u00eda adecuadamente el papel de los PICL como administradores forestales.<br \/>\nLas metodolog\u00edas alternativas que detectan las amenazas reales que enfrentan los bosques intactos, y las acciones en curso necesarias para mantener a raya estas amenazas, pueden y deben considerarse para las jurisdicciones HFLD. Un est\u00e1ndar de alta calidad para los cr\u00e9ditos de carbono forestal, con salvaguardias sociales y ambientales adecuadas, junto con validaci\u00f3n y verificaci\u00f3n independientes, ayuda a asegurar este objetivo. De lo contrario, los mercados de carbono pueden provocar la exclusi\u00f3n total de los administradores forestales m\u00e1s exitosos del mundo y no reconocer el claro esfuerzo adicional que realizan las comunidades que viven en ellos para conservar los bosques.<\/p>\n<p>Quienes viven y gestionan activamente los bosques en pie deben beneficiarse de los mecanismos de financiamiento para las estrategias de reducci\u00f3n de emisiones, al tiempo que abordan sus necesidades b\u00e1sicas de subsistencia. Para salvar las selvas tropicales, las personas que mejor las conocen \u2014los Pueblos Ind\u00edgenas y las comunidades locales\u2014 deben participar adecuadamente en la toma de decisiones, incluida la elaboraci\u00f3n y aplicaci\u00f3n de planes de conservaci\u00f3n forestal y acuerdos de distribuci\u00f3n de beneficios. Los cr\u00e9ditos REDD+ jurisdiccionales de alta calidad que reconocen el papel esencial de las regiones HFLD pueden desbloquear el financiamiento que necesitan con urgencia los pa\u00edses con bosques tropicales, los Pueblos Ind\u00edgenas y las comunidades locales para salvaguardar sus bosques. Pero esto solo suceder\u00e1 si los PICL participan activamente en los procesos t\u00e9cnicos para dise\u00f1ar metodolog\u00edas diferenciadas, como los c\u00e1lculos de los NREF, y condiciones para las jurisdicciones HFLD, entendiendo que se encuentran en una etapa diferente de la curva de transici\u00f3n forestal que otras jurisdicciones con altas tasas de deforestaci\u00f3n.<\/p>\n","protected":false},"excerpt":{"rendered":"<p>Este art\u00edculo ha sido escrito conjuntamente por Julia Paltseva, analista principal de EDF, y Tuntiak Katan, de la Coordinadora de Organizaciones Ind\u00edgenas de la Cuenca Amaz\u00f3nica (COICA). Para m\u00e1s informaci\u00f3n sobre bosques con extensa cubierta forestal y bajas tasas de deforestaci\u00f3n, visite\u00a0edf.org\/hfld. Read in English Lire en fran\u00e7ais Los bosques son una pieza esencial de &#8230;<\/p>\n","protected":false},"author":142664,"featured_media":0,"parent":0,"menu_order":0,"comment_status":"closed","ping_status":"closed","template":"","meta":{"_acf_changed":false,"footnotes":""},"coauthors":[],"class_list":["post-23176","page","type-page","status-publish","hentry"],"acf":[],"yoast_head":"<!-- This site is optimized with the Yoast SEO plugin v27.5 - https:\/\/yoast.com\/product\/yoast-seo-wordpress\/ -->\n<title>El financiamiento clim\u00e1tico relacionado con los bosques debe ser m\u00e1s equitativo para apoyar a los Pueblos Ind\u00edgenas y las comunidades locales - Climate 411<\/title>\n<meta name=\"robots\" content=\"index, follow, max-snippet:-1, max-image-preview:large, max-video-preview:-1\" \/>\n<link rel=\"canonical\" href=\"https:\/\/blogs.edf.org\/climate411\/el-financiamiento-climatico-relacionado-con-los-bosques-debe-ser-mas-equitativo-para-apoyar-a-los-pueblos-indigenas-y-las-comunidades-locales\/\" \/>\n<meta property=\"og:locale\" content=\"en_US\" \/>\n<meta property=\"og:type\" content=\"article\" \/>\n<meta property=\"og:title\" content=\"El financiamiento clim\u00e1tico relacionado con los bosques debe ser m\u00e1s equitativo para apoyar a los Pueblos Ind\u00edgenas y las comunidades locales - Climate 411\" \/>\n<meta property=\"og:description\" content=\"Este art\u00edculo ha sido escrito conjuntamente por Julia Paltseva, analista principal de EDF, y Tuntiak Katan, de la Coordinadora de Organizaciones Ind\u00edgenas de la Cuenca Amaz\u00f3nica (COICA). Para m\u00e1s informaci\u00f3n sobre bosques con extensa cubierta forestal y bajas tasas de deforestaci\u00f3n, visite\u00a0edf.org\/hfld. Read in English Lire en fran\u00e7ais Los bosques son una pieza esencial de ...\" \/>\n<meta property=\"og:url\" content=\"https:\/\/blogs.edf.org\/climate411\/el-financiamiento-climatico-relacionado-con-los-bosques-debe-ser-mas-equitativo-para-apoyar-a-los-pueblos-indigenas-y-las-comunidades-locales\/\" \/>\n<meta property=\"og:site_name\" content=\"Climate 411\" \/>\n<meta property=\"article:modified_time\" content=\"2023-04-27T15:50:12+00:00\" \/>\n<meta property=\"og:image\" content=\"https:\/\/blogs.edf.org\/climate411\/wp-content\/uploads\/sites\/7\/2023\/04\/7O0A6875-scaled.jpg\" \/>\n<meta name=\"twitter:card\" content=\"summary_large_image\" \/>\n<meta name=\"twitter:label1\" content=\"Est. reading time\" \/>\n\t<meta name=\"twitter:data1\" content=\"7 minutes\" \/>\n\t<meta name=\"twitter:label2\" content=\"Written by\" \/>\n\t<meta name=\"twitter:data2\" content=\"Faith Bent\" \/>\n<script type=\"application\/ld+json\" class=\"yoast-schema-graph\">{\"@context\":\"https:\\\/\\\/schema.org\",\"@graph\":[{\"@type\":\"WebPage\",\"@id\":\"https:\\\/\\\/blogs.edf.org\\\/climate411\\\/el-financiamiento-climatico-relacionado-con-los-bosques-debe-ser-mas-equitativo-para-apoyar-a-los-pueblos-indigenas-y-las-comunidades-locales\\\/\",\"url\":\"https:\\\/\\\/blogs.edf.org\\\/climate411\\\/el-financiamiento-climatico-relacionado-con-los-bosques-debe-ser-mas-equitativo-para-apoyar-a-los-pueblos-indigenas-y-las-comunidades-locales\\\/\",\"name\":\"El financiamiento clim\u00e1tico relacionado con los bosques debe ser m\u00e1s equitativo para apoyar a los Pueblos Ind\u00edgenas y las comunidades locales - Climate 411\",\"isPartOf\":{\"@id\":\"https:\\\/\\\/blogs.edf.org\\\/climate411\\\/#website\"},\"primaryImageOfPage\":{\"@id\":\"https:\\\/\\\/blogs.edf.org\\\/climate411\\\/el-financiamiento-climatico-relacionado-con-los-bosques-debe-ser-mas-equitativo-para-apoyar-a-los-pueblos-indigenas-y-las-comunidades-locales\\\/#primaryimage\"},\"image\":{\"@id\":\"https:\\\/\\\/blogs.edf.org\\\/climate411\\\/el-financiamiento-climatico-relacionado-con-los-bosques-debe-ser-mas-equitativo-para-apoyar-a-los-pueblos-indigenas-y-las-comunidades-locales\\\/#primaryimage\"},\"thumbnailUrl\":\"https:\\\/\\\/blogs.edf.org\\\/climate411\\\/wp-content\\\/uploads\\\/sites\\\/7\\\/2023\\\/04\\\/7O0A6875-scaled.jpg\",\"datePublished\":\"2023-04-27T15:36:39+00:00\",\"dateModified\":\"2023-04-27T15:50:12+00:00\",\"breadcrumb\":{\"@id\":\"https:\\\/\\\/blogs.edf.org\\\/climate411\\\/el-financiamiento-climatico-relacionado-con-los-bosques-debe-ser-mas-equitativo-para-apoyar-a-los-pueblos-indigenas-y-las-comunidades-locales\\\/#breadcrumb\"},\"inLanguage\":\"en-US\",\"potentialAction\":[{\"@type\":\"ReadAction\",\"target\":[\"https:\\\/\\\/blogs.edf.org\\\/climate411\\\/el-financiamiento-climatico-relacionado-con-los-bosques-debe-ser-mas-equitativo-para-apoyar-a-los-pueblos-indigenas-y-las-comunidades-locales\\\/\"]}]},{\"@type\":\"ImageObject\",\"inLanguage\":\"en-US\",\"@id\":\"https:\\\/\\\/blogs.edf.org\\\/climate411\\\/el-financiamiento-climatico-relacionado-con-los-bosques-debe-ser-mas-equitativo-para-apoyar-a-los-pueblos-indigenas-y-las-comunidades-locales\\\/#primaryimage\",\"url\":\"https:\\\/\\\/blogs.edf.org\\\/climate411\\\/wp-content\\\/blogs.dir\\\/7\\\/files\\\/\\\/2023\\\/04\\\/7O0A6875-scaled.jpg\",\"contentUrl\":\"https:\\\/\\\/blogs.edf.org\\\/climate411\\\/wp-content\\\/blogs.dir\\\/7\\\/files\\\/\\\/2023\\\/04\\\/7O0A6875-scaled.jpg\",\"width\":2560,\"height\":1708,\"caption\":\"Tuntiak Katan de la Coordinator of Indigenous Organizations of the Amazon Basin (COICA). Photo par Leslie Von Pless, EDF\"},{\"@type\":\"BreadcrumbList\",\"@id\":\"https:\\\/\\\/blogs.edf.org\\\/climate411\\\/el-financiamiento-climatico-relacionado-con-los-bosques-debe-ser-mas-equitativo-para-apoyar-a-los-pueblos-indigenas-y-las-comunidades-locales\\\/#breadcrumb\",\"itemListElement\":[{\"@type\":\"ListItem\",\"position\":1,\"name\":\"Home\",\"item\":\"https:\\\/\\\/blogs.edf.org\\\/climate411\\\/\"},{\"@type\":\"ListItem\",\"position\":2,\"name\":\"El financiamiento clim\u00e1tico relacionado con los bosques debe ser m\u00e1s equitativo para apoyar a los Pueblos Ind\u00edgenas y las comunidades locales\"}]},{\"@type\":\"WebSite\",\"@id\":\"https:\\\/\\\/blogs.edf.org\\\/climate411\\\/#website\",\"url\":\"https:\\\/\\\/blogs.edf.org\\\/climate411\\\/\",\"name\":\"Climate 411\",\"description\":\"Blogging the science and policy of global warming\",\"potentialAction\":[{\"@type\":\"SearchAction\",\"target\":{\"@type\":\"EntryPoint\",\"urlTemplate\":\"https:\\\/\\\/blogs.edf.org\\\/climate411\\\/?s={search_term_string}\"},\"query-input\":{\"@type\":\"PropertyValueSpecification\",\"valueRequired\":true,\"valueName\":\"search_term_string\"}}],\"inLanguage\":\"en-US\"}]}<\/script>\n<!-- \/ Yoast SEO plugin. -->","yoast_head_json":{"title":"El financiamiento clim\u00e1tico relacionado con los bosques debe ser m\u00e1s equitativo para apoyar a los Pueblos Ind\u00edgenas y las comunidades locales - Climate 411","robots":{"index":"index","follow":"follow","max-snippet":"max-snippet:-1","max-image-preview":"max-image-preview:large","max-video-preview":"max-video-preview:-1"},"canonical":"https:\/\/blogs.edf.org\/climate411\/el-financiamiento-climatico-relacionado-con-los-bosques-debe-ser-mas-equitativo-para-apoyar-a-los-pueblos-indigenas-y-las-comunidades-locales\/","og_locale":"en_US","og_type":"article","og_title":"El financiamiento clim\u00e1tico relacionado con los bosques debe ser m\u00e1s equitativo para apoyar a los Pueblos Ind\u00edgenas y las comunidades locales - Climate 411","og_description":"Este art\u00edculo ha sido escrito conjuntamente por Julia Paltseva, analista principal de EDF, y Tuntiak Katan, de la Coordinadora de Organizaciones Ind\u00edgenas de la Cuenca Amaz\u00f3nica (COICA). Para m\u00e1s informaci\u00f3n sobre bosques con extensa cubierta forestal y bajas tasas de deforestaci\u00f3n, visite\u00a0edf.org\/hfld. Read in English Lire en fran\u00e7ais Los bosques son una pieza esencial de ...","og_url":"https:\/\/blogs.edf.org\/climate411\/el-financiamiento-climatico-relacionado-con-los-bosques-debe-ser-mas-equitativo-para-apoyar-a-los-pueblos-indigenas-y-las-comunidades-locales\/","og_site_name":"Climate 411","article_modified_time":"2023-04-27T15:50:12+00:00","og_image":[{"url":"https:\/\/blogs.edf.org\/climate411\/wp-content\/uploads\/sites\/7\/2023\/04\/7O0A6875-scaled.jpg","type":"","width":"","height":""}],"twitter_card":"summary_large_image","twitter_misc":{"Est. reading time":"7 minutes","Written by":"Faith Bent"},"schema":{"@context":"https:\/\/schema.org","@graph":[{"@type":"WebPage","@id":"https:\/\/blogs.edf.org\/climate411\/el-financiamiento-climatico-relacionado-con-los-bosques-debe-ser-mas-equitativo-para-apoyar-a-los-pueblos-indigenas-y-las-comunidades-locales\/","url":"https:\/\/blogs.edf.org\/climate411\/el-financiamiento-climatico-relacionado-con-los-bosques-debe-ser-mas-equitativo-para-apoyar-a-los-pueblos-indigenas-y-las-comunidades-locales\/","name":"El financiamiento clim\u00e1tico relacionado con los bosques debe ser m\u00e1s equitativo para apoyar a los Pueblos Ind\u00edgenas y las comunidades locales - Climate 411","isPartOf":{"@id":"https:\/\/blogs.edf.org\/climate411\/#website"},"primaryImageOfPage":{"@id":"https:\/\/blogs.edf.org\/climate411\/el-financiamiento-climatico-relacionado-con-los-bosques-debe-ser-mas-equitativo-para-apoyar-a-los-pueblos-indigenas-y-las-comunidades-locales\/#primaryimage"},"image":{"@id":"https:\/\/blogs.edf.org\/climate411\/el-financiamiento-climatico-relacionado-con-los-bosques-debe-ser-mas-equitativo-para-apoyar-a-los-pueblos-indigenas-y-las-comunidades-locales\/#primaryimage"},"thumbnailUrl":"https:\/\/blogs.edf.org\/climate411\/wp-content\/uploads\/sites\/7\/2023\/04\/7O0A6875-scaled.jpg","datePublished":"2023-04-27T15:36:39+00:00","dateModified":"2023-04-27T15:50:12+00:00","breadcrumb":{"@id":"https:\/\/blogs.edf.org\/climate411\/el-financiamiento-climatico-relacionado-con-los-bosques-debe-ser-mas-equitativo-para-apoyar-a-los-pueblos-indigenas-y-las-comunidades-locales\/#breadcrumb"},"inLanguage":"en-US","potentialAction":[{"@type":"ReadAction","target":["https:\/\/blogs.edf.org\/climate411\/el-financiamiento-climatico-relacionado-con-los-bosques-debe-ser-mas-equitativo-para-apoyar-a-los-pueblos-indigenas-y-las-comunidades-locales\/"]}]},{"@type":"ImageObject","inLanguage":"en-US","@id":"https:\/\/blogs.edf.org\/climate411\/el-financiamiento-climatico-relacionado-con-los-bosques-debe-ser-mas-equitativo-para-apoyar-a-los-pueblos-indigenas-y-las-comunidades-locales\/#primaryimage","url":"https:\/\/blogs.edf.org\/climate411\/wp-content\/blogs.dir\/7\/files\/\/2023\/04\/7O0A6875-scaled.jpg","contentUrl":"https:\/\/blogs.edf.org\/climate411\/wp-content\/blogs.dir\/7\/files\/\/2023\/04\/7O0A6875-scaled.jpg","width":2560,"height":1708,"caption":"Tuntiak Katan de la Coordinator of Indigenous Organizations of the Amazon Basin (COICA). Photo par Leslie Von Pless, EDF"},{"@type":"BreadcrumbList","@id":"https:\/\/blogs.edf.org\/climate411\/el-financiamiento-climatico-relacionado-con-los-bosques-debe-ser-mas-equitativo-para-apoyar-a-los-pueblos-indigenas-y-las-comunidades-locales\/#breadcrumb","itemListElement":[{"@type":"ListItem","position":1,"name":"Home","item":"https:\/\/blogs.edf.org\/climate411\/"},{"@type":"ListItem","position":2,"name":"El financiamiento clim\u00e1tico relacionado con los bosques debe ser m\u00e1s equitativo para apoyar a los Pueblos Ind\u00edgenas y las comunidades locales"}]},{"@type":"WebSite","@id":"https:\/\/blogs.edf.org\/climate411\/#website","url":"https:\/\/blogs.edf.org\/climate411\/","name":"Climate 411","description":"Blogging the science and policy of global warming","potentialAction":[{"@type":"SearchAction","target":{"@type":"EntryPoint","urlTemplate":"https:\/\/blogs.edf.org\/climate411\/?s={search_term_string}"},"query-input":{"@type":"PropertyValueSpecification","valueRequired":true,"valueName":"search_term_string"}}],"inLanguage":"en-US"}]}},"_links":{"self":[{"href":"https:\/\/blogs.edf.org\/climate411\/wp-json\/wp\/v2\/pages\/23176","targetHints":{"allow":["GET"]}}],"collection":[{"href":"https:\/\/blogs.edf.org\/climate411\/wp-json\/wp\/v2\/pages"}],"about":[{"href":"https:\/\/blogs.edf.org\/climate411\/wp-json\/wp\/v2\/types\/page"}],"author":[{"embeddable":true,"href":"https:\/\/blogs.edf.org\/climate411\/wp-json\/wp\/v2\/users\/142664"}],"replies":[{"embeddable":true,"href":"https:\/\/blogs.edf.org\/climate411\/wp-json\/wp\/v2\/comments?post=23176"}],"version-history":[{"count":0,"href":"https:\/\/blogs.edf.org\/climate411\/wp-json\/wp\/v2\/pages\/23176\/revisions"}],"wp:attachment":[{"href":"https:\/\/blogs.edf.org\/climate411\/wp-json\/wp\/v2\/media?parent=23176"}],"wp:term":[{"taxonomy":"author","embeddable":true,"href":"https:\/\/blogs.edf.org\/climate411\/wp-json\/wp\/v2\/coauthors?post=23176"}],"curies":[{"name":"wp","href":"https:\/\/api.w.org\/{rel}","templated":true}]}}