{"id":22820,"date":"2022-12-02T11:25:57","date_gmt":"2022-12-02T16:25:57","guid":{"rendered":"https:\/\/blogs.edf.org\/climate411\/?page_id=22820"},"modified":"2022-12-02T11:39:07","modified_gmt":"2022-12-02T16:39:07","slug":"bom-para-o-planeta-na-cop27-lula-da-silva-posicionou-o-brasil-como-um-lider-climatico","status":"publish","type":"page","link":"https:\/\/blogs.edf.org\/climate411\/bom-para-o-planeta-na-cop27-lula-da-silva-posicionou-o-brasil-como-um-lider-climatico\/","title":{"rendered":"Bom para o planeta: Na COP27, Lula da Silva posicionou o Brasil como um l\u00edder clim\u00e1tico"},"content":{"rendered":"<figure id=\"attachment_22802\" aria-describedby=\"caption-attachment-22802\" style=\"width: 540px\" class=\"wp-caption aligncenter\"><a href=\"https:\/\/blogs.edf.org\/climate411\/wp-content\/uploads\/sites\/7\/2022\/11\/WhatsApp-Image-2022-11-18-at-5.38.12-PM-e1669134122133.jpeg\"><img loading=\"lazy\" decoding=\"async\" class=\"size-large wp-image-22802\" src=\"https:\/\/blogs.edf.org\/climate411\/wp-content\/uploads\/sites\/7\/2022\/11\/WhatsApp-Image-2022-11-18-at-5.38.12-PM-e1669134122133-1024x535.jpeg\" alt=\"Lula da Silva at COP27\" width=\"540\" height=\"282\" srcset=\"https:\/\/blogs.edf.org\/climate411\/wp-content\/blogs.dir\/7\/files\/2022\/11\/WhatsApp-Image-2022-11-18-at-5.38.12-PM-e1669134122133-1024x535.jpeg 1024w, https:\/\/blogs.edf.org\/climate411\/wp-content\/blogs.dir\/7\/files\/2022\/11\/WhatsApp-Image-2022-11-18-at-5.38.12-PM-e1669134122133-300x157.jpeg 300w, https:\/\/blogs.edf.org\/climate411\/wp-content\/blogs.dir\/7\/files\/2022\/11\/WhatsApp-Image-2022-11-18-at-5.38.12-PM-e1669134122133-768x401.jpeg 768w, https:\/\/blogs.edf.org\/climate411\/wp-content\/blogs.dir\/7\/files\/2022\/11\/WhatsApp-Image-2022-11-18-at-5.38.12-PM-e1669134122133-1536x803.jpeg 1536w, https:\/\/blogs.edf.org\/climate411\/wp-content\/blogs.dir\/7\/files\/2022\/11\/WhatsApp-Image-2022-11-18-at-5.38.12-PM-e1669134122133.jpeg 1600w\" sizes=\"auto, (max-width: 540px) 100vw, 540px\" \/><\/a><figcaption id=\"caption-attachment-22802\" class=\"wp-caption-text\">O presidente eleito brasileiro Luiz In\u00e1cio Lula da Silva se re\u00fane com l\u00edderes Ind\u00edgenas na COP27 em Sharm El-Sheikh, Egito, em 17 de novembro de 2022. Foto de B\u00e4rbel Henneberger.<\/figcaption><\/figure>\n<p><a href=\"https:\/\/blogs.edf.org\/climate411\/2022\/11\/21\/good-for-the-planet-at-cop27-lula-da-silva-positioned-brazil-to-be-a-climate-leader\/\">Read it in English<\/a><\/p>\n<p><a href=\"https:\/\/blogs.edf.org\/climate411\/bien-para-el-planeta-en-la-cop27-lula-da-silva-situo-a-brasil-como-lider-climatico\/\">L\u00e9alo en espa\u00f1ol<\/a><\/p>\n<p><em>Este artigo foi escrito por Steve Schwartzman, diretor de pol\u00edtica florestal tropical da EDF.<\/em><\/p>\n<p>&#8220;O Brasil est\u00e1 de volta&#8221;, disse o presidente eleito Luiz In\u00e1cio Lula da Silva em seu discurso de 16 de novembro na COP27, em Sharm El-Sheikh no Egito. Mas \u00e9 um Brasil muito mais atento \u00e0s mudan\u00e7as clim\u00e1ticas, ao desmatamento da Amaz\u00f4nia e aos direitos dos povos ind\u00edgenas do que aquele que o Lula assumiu quando se tornou presidente pela primeira vez, em 2003.<\/p>\n<p>Durante seu discurso, Lula prometeu desmatamento zero no Brasil at\u00e9 2030, o primeiro Minist\u00e9rio para Povos Ind\u00edgenas, e a\u00e7\u00f5es punitivas para <a href=\"https:\/\/www.science.org\/content\/article\/illegal-deforestation-brazil-soars-amid-climate-impunity\">crimes ambientais que t\u00eam corrido desenfreadamente<\/a> sob o governo de Jair Bolsonaro. Ele tamb\u00e9m falou sobre um retorno aos &#8220;valores civilizadores&#8221; defendidos por sua ex-ministra do Meio Ambiente e agora deputada federal eleita, Marina Silva.<\/p>\n<p>Estes an\u00fancios foram todos recebidos com grande entusiasmo pela audi\u00eancia de Lula em Sharm El-Sheikh, onde negociadores do clima, sociedade civil, empresas e outros com interesse na luta clim\u00e1tica se reuniram nas \u00faltimas duas semanas.<\/p>\n<p>A perspectiva do retorno do Brasil \u00e0 lideran\u00e7a nas negocia\u00e7\u00f5es clim\u00e1ticas internacionais &#8211; e a promessa de a\u00e7\u00f5es efetivas para combater as mudan\u00e7as clim\u00e1ticas &#8211; s\u00e3o dois marcos muito importantes no movimento clim\u00e1tico.<\/p>\n<p><strong>O abra\u00e7o de Lula \u00e0 a\u00e7\u00e3o clim\u00e1tica<\/strong><\/p>\n<p>A presen\u00e7a de Lula na pr\u00f3pria COP \u00e9 um sinal de uma evolu\u00e7\u00e3o em seus pontos de vista. Em 2002, o ent\u00e3o presidente eleito Lula talvez n\u00e3o soubesse o que fazer com um convite para a c\u00fapula clim\u00e1tica anual. A mudan\u00e7a clim\u00e1tica e a prote\u00e7\u00e3o da Amaz\u00f4nia n\u00e3o tinham elevada prioridade para Lula, nem para muitos brasileiros na \u00e9poca. Avan\u00e7ando para 2022, o presidente eleito Lula prometeu realizar uma futura COP em um estado amaz\u00f4nico.<\/p>\n<p>Lula se comprometeu a acabar com o desmatamento da Amaz\u00f4nia e anunciou que o Brasil vai retomar o engajamento com doadores internacionais para reativar o <a href=\"http:\/\/www.amazonfund.gov.br\/pt\/home\/\">Fundo Amaz\u00f4nia<\/a> a fim de financiar o combate ao desmatamento.<\/p>\n<p><strong>Tornar os direitos ind\u00edgenas uma prioridade<\/strong><\/p>\n<p>A abordagem de Lula com os Povos Ind\u00edgenas e Comunidades Locais \u00e9 um destaque. Durante seu discurso, ele reiterou o compromisso de seu governo em fazer os direitos dos Povos Ind\u00edgenas uma prioridade maior do que nunca.<\/p>\n<p>No dia seguinte ao seu discurso na COP, ele realizou um evento de alto n\u00edvel com l\u00edderes ind\u00edgenas de todo o mundo. As pessoas na sala nos contam como uma sensa\u00e7\u00e3o de felicidade e al\u00edvio permeou entre os participantes. &#8220;Ele assumiu o compromisso de falar em nome dos povos ind\u00edgenas e de ser um l\u00edder pol\u00edtico que alavancar\u00e1 nossas estrat\u00e9gias e propostas nas discuss\u00f5es sobre biodiversidade e mudan\u00e7as clim\u00e1ticas&#8221;, foi como Harol Rinc\u00f3n Ipuchima, Coordenador de Mudan\u00e7as Clim\u00e1ticas e Biodiversidade da COICA e Co-presidente do Caucus Global de povos ind\u00edgenas da UNFCCC, resumiu a reuni\u00e3o.<\/p>\n<p>Ou como Elcio Manchineri, Coordenador Geral da COIAB, Coordena\u00e7\u00e3o das Organiza\u00e7\u00f5es Ind\u00edgenas da Amaz\u00f4nia Brasileira, nos disse: &#8220;Poder participar do novo governo ser\u00e1 muito importante para n\u00f3s, povos ind\u00edgenas, e para o Brasil&#8221;.<\/p>\n<p><strong>Lideran\u00e7a clim\u00e1tica<\/strong><\/p>\n<p>Lula tamb\u00e9m abordou diretamente quest\u00f5es-chave nas negocia\u00e7\u00f5es &#8211; perdas e danos e compromisso dos pa\u00edses desenvolvidos com o financiamento da adapta\u00e7\u00e3o dos pa\u00edses pobres &#8211; de maneira mais informada e engajada do que a que vimos de presidentes brasileiros anteriores. Neste ponto, Lula parece estar pronto para ser a lideran\u00e7a da mudan\u00e7a clim\u00e1tica que o mundo precisa do Brasil.<\/p>\n<p>Todas estas s\u00e3o raz\u00f5es de esperan\u00e7a na luta para enfrentar as mudan\u00e7as clim\u00e1ticas.<\/p>\n<p>O consenso cient\u00edfico \u00e9 que a floresta tropical amaz\u00f4nica est\u00e1 se aproximando de um <a href=\"https:\/\/news.mongabay.com\/2022\/10\/the-amazon-will-reach-tipping-point-if-current-trend-of-deforestation-continues\/\">ponto cr\u00edtico de viragem<\/a>, no qual uma grande parte da floresta se transforma em um ambiente sav\u00e2nico. A perda maci\u00e7a de \u00e1rvores e da vegeta\u00e7\u00e3o poderia liberar carbono suficiente para a atmosfera por todos, e garantir consequ\u00eancias catastr\u00f3ficas em todo o mundo devido \u00e0 mudan\u00e7a clim\u00e1tica. Outros quatro anos de do desmatamento agressivo e da invas\u00e3o de territ\u00f3rios ind\u00edgenas empurrariam, na opini\u00e3o de muitos observadores, a Amaz\u00f4nia sobre o ponto de inflex\u00e3o \u2013 tipping point.<\/p>\n<p>N\u00e3o h\u00e1 palavras suficientes para ressaltar a import\u00e2ncia da possibilidade de que o Brasil traga de volta pol\u00edticas eficazes para deter o desmatamento da Amaz\u00f4nia. Os 60 milh\u00f5es de brasileiros que votaram em Lula podem muito bem ter votado para salvar o planeta.<\/p>\n","protected":false},"excerpt":{"rendered":"<p>Read it in English L\u00e9alo en espa\u00f1ol Este artigo foi escrito por Steve Schwartzman, diretor de pol\u00edtica florestal tropical da EDF. &#8220;O Brasil est\u00e1 de volta&#8221;, disse o presidente eleito Luiz In\u00e1cio Lula da Silva em seu discurso de 16 de novembro na COP27, em Sharm El-Sheikh no Egito. Mas \u00e9 um Brasil muito mais &#8230;<\/p>\n","protected":false},"author":1,"featured_media":0,"parent":0,"menu_order":0,"comment_status":"closed","ping_status":"closed","template":"","meta":{"_acf_changed":false,"footnotes":""},"coauthors":[],"class_list":["post-22820","page","type-page","status-publish","hentry"],"acf":[],"yoast_head":"<!-- This site is optimized with the Yoast SEO plugin v27.3 - https:\/\/yoast.com\/product\/yoast-seo-wordpress\/ -->\n<title>Bom para o planeta: Na COP27, Lula da Silva posicionou o Brasil como um l\u00edder clim\u00e1tico - Climate 411<\/title>\n<meta name=\"robots\" content=\"index, follow, max-snippet:-1, max-image-preview:large, max-video-preview:-1\" \/>\n<link rel=\"canonical\" href=\"https:\/\/blogs.edf.org\/climate411\/bom-para-o-planeta-na-cop27-lula-da-silva-posicionou-o-brasil-como-um-lider-climatico\/\" \/>\n<meta property=\"og:locale\" content=\"en_US\" \/>\n<meta property=\"og:type\" content=\"article\" \/>\n<meta property=\"og:title\" content=\"Bom para o planeta: Na COP27, Lula da Silva posicionou o Brasil como um l\u00edder clim\u00e1tico - Climate 411\" \/>\n<meta property=\"og:description\" content=\"Read it in English L\u00e9alo en espa\u00f1ol Este artigo foi escrito por Steve Schwartzman, diretor de pol\u00edtica florestal tropical da EDF. &#8220;O Brasil est\u00e1 de volta&#8221;, disse o presidente eleito Luiz In\u00e1cio Lula da Silva em seu discurso de 16 de novembro na COP27, em Sharm El-Sheikh no Egito. Mas \u00e9 um Brasil muito mais ...\" \/>\n<meta property=\"og:url\" content=\"https:\/\/blogs.edf.org\/climate411\/bom-para-o-planeta-na-cop27-lula-da-silva-posicionou-o-brasil-como-um-lider-climatico\/\" \/>\n<meta property=\"og:site_name\" content=\"Climate 411\" \/>\n<meta property=\"article:modified_time\" content=\"2022-12-02T16:39:07+00:00\" \/>\n<meta property=\"og:image\" content=\"https:\/\/blogs.edf.org\/climate411\/wp-content\/uploads\/sites\/7\/2022\/11\/WhatsApp-Image-2022-11-18-at-5.38.12-PM-e1669134122133-1024x535.jpeg\" \/>\n<meta name=\"twitter:card\" content=\"summary_large_image\" \/>\n<meta name=\"twitter:label1\" content=\"Est. reading time\" \/>\n\t<meta name=\"twitter:data1\" content=\"4 minutes\" \/>\n\t<meta name=\"twitter:label2\" content=\"Written by\" \/>\n\t<meta name=\"twitter:data2\" content=\"EDF Blogs\" \/>\n<script type=\"application\/ld+json\" class=\"yoast-schema-graph\">{\"@context\":\"https:\\\/\\\/schema.org\",\"@graph\":[{\"@type\":\"WebPage\",\"@id\":\"https:\\\/\\\/blogs.edf.org\\\/climate411\\\/bom-para-o-planeta-na-cop27-lula-da-silva-posicionou-o-brasil-como-um-lider-climatico\\\/\",\"url\":\"https:\\\/\\\/blogs.edf.org\\\/climate411\\\/bom-para-o-planeta-na-cop27-lula-da-silva-posicionou-o-brasil-como-um-lider-climatico\\\/\",\"name\":\"Bom para o planeta: Na COP27, Lula da Silva posicionou o Brasil como um l\u00edder clim\u00e1tico - Climate 411\",\"isPartOf\":{\"@id\":\"https:\\\/\\\/blogs.edf.org\\\/climate411\\\/#website\"},\"primaryImageOfPage\":{\"@id\":\"https:\\\/\\\/blogs.edf.org\\\/climate411\\\/bom-para-o-planeta-na-cop27-lula-da-silva-posicionou-o-brasil-como-um-lider-climatico\\\/#primaryimage\"},\"image\":{\"@id\":\"https:\\\/\\\/blogs.edf.org\\\/climate411\\\/bom-para-o-planeta-na-cop27-lula-da-silva-posicionou-o-brasil-como-um-lider-climatico\\\/#primaryimage\"},\"thumbnailUrl\":\"https:\\\/\\\/blogs.edf.org\\\/climate411\\\/wp-content\\\/uploads\\\/sites\\\/7\\\/2022\\\/11\\\/WhatsApp-Image-2022-11-18-at-5.38.12-PM-e1669134122133-1024x535.jpeg\",\"datePublished\":\"2022-12-02T16:25:57+00:00\",\"dateModified\":\"2022-12-02T16:39:07+00:00\",\"breadcrumb\":{\"@id\":\"https:\\\/\\\/blogs.edf.org\\\/climate411\\\/bom-para-o-planeta-na-cop27-lula-da-silva-posicionou-o-brasil-como-um-lider-climatico\\\/#breadcrumb\"},\"inLanguage\":\"en-US\",\"potentialAction\":[{\"@type\":\"ReadAction\",\"target\":[\"https:\\\/\\\/blogs.edf.org\\\/climate411\\\/bom-para-o-planeta-na-cop27-lula-da-silva-posicionou-o-brasil-como-um-lider-climatico\\\/\"]}]},{\"@type\":\"ImageObject\",\"inLanguage\":\"en-US\",\"@id\":\"https:\\\/\\\/blogs.edf.org\\\/climate411\\\/bom-para-o-planeta-na-cop27-lula-da-silva-posicionou-o-brasil-como-um-lider-climatico\\\/#primaryimage\",\"url\":\"https:\\\/\\\/blogs.edf.org\\\/climate411\\\/wp-content\\\/blogs.dir\\\/7\\\/files\\\/\\\/2022\\\/11\\\/WhatsApp-Image-2022-11-18-at-5.38.12-PM-e1669134122133.jpeg\",\"contentUrl\":\"https:\\\/\\\/blogs.edf.org\\\/climate411\\\/wp-content\\\/blogs.dir\\\/7\\\/files\\\/\\\/2022\\\/11\\\/WhatsApp-Image-2022-11-18-at-5.38.12-PM-e1669134122133.jpeg\",\"width\":1600,\"height\":836,\"caption\":\"Brazilian President-elect Luiz In\u00e1cio Lula da Silva meets with Indigenous leaders at COP27 in Sharm El-Sheikh, Egypt on November 17, 2022. Photo by B\u00e4rbel Henneberger.\"},{\"@type\":\"BreadcrumbList\",\"@id\":\"https:\\\/\\\/blogs.edf.org\\\/climate411\\\/bom-para-o-planeta-na-cop27-lula-da-silva-posicionou-o-brasil-como-um-lider-climatico\\\/#breadcrumb\",\"itemListElement\":[{\"@type\":\"ListItem\",\"position\":1,\"name\":\"Home\",\"item\":\"https:\\\/\\\/blogs.edf.org\\\/climate411\\\/\"},{\"@type\":\"ListItem\",\"position\":2,\"name\":\"Bom para o planeta: Na COP27, Lula da Silva posicionou o Brasil como um l\u00edder clim\u00e1tico\"}]},{\"@type\":\"WebSite\",\"@id\":\"https:\\\/\\\/blogs.edf.org\\\/climate411\\\/#website\",\"url\":\"https:\\\/\\\/blogs.edf.org\\\/climate411\\\/\",\"name\":\"Climate 411\",\"description\":\"Blogging the science and policy of global warming\",\"potentialAction\":[{\"@type\":\"SearchAction\",\"target\":{\"@type\":\"EntryPoint\",\"urlTemplate\":\"https:\\\/\\\/blogs.edf.org\\\/climate411\\\/?s={search_term_string}\"},\"query-input\":{\"@type\":\"PropertyValueSpecification\",\"valueRequired\":true,\"valueName\":\"search_term_string\"}}],\"inLanguage\":\"en-US\"}]}<\/script>\n<!-- \/ Yoast SEO plugin. -->","yoast_head_json":{"title":"Bom para o planeta: Na COP27, Lula da Silva posicionou o Brasil como um l\u00edder clim\u00e1tico - Climate 411","robots":{"index":"index","follow":"follow","max-snippet":"max-snippet:-1","max-image-preview":"max-image-preview:large","max-video-preview":"max-video-preview:-1"},"canonical":"https:\/\/blogs.edf.org\/climate411\/bom-para-o-planeta-na-cop27-lula-da-silva-posicionou-o-brasil-como-um-lider-climatico\/","og_locale":"en_US","og_type":"article","og_title":"Bom para o planeta: Na COP27, Lula da Silva posicionou o Brasil como um l\u00edder clim\u00e1tico - Climate 411","og_description":"Read it in English L\u00e9alo en espa\u00f1ol Este artigo foi escrito por Steve Schwartzman, diretor de pol\u00edtica florestal tropical da EDF. &#8220;O Brasil est\u00e1 de volta&#8221;, disse o presidente eleito Luiz In\u00e1cio Lula da Silva em seu discurso de 16 de novembro na COP27, em Sharm El-Sheikh no Egito. Mas \u00e9 um Brasil muito mais ...","og_url":"https:\/\/blogs.edf.org\/climate411\/bom-para-o-planeta-na-cop27-lula-da-silva-posicionou-o-brasil-como-um-lider-climatico\/","og_site_name":"Climate 411","article_modified_time":"2022-12-02T16:39:07+00:00","og_image":[{"url":"https:\/\/blogs.edf.org\/climate411\/wp-content\/uploads\/sites\/7\/2022\/11\/WhatsApp-Image-2022-11-18-at-5.38.12-PM-e1669134122133-1024x535.jpeg","type":"","width":"","height":""}],"twitter_card":"summary_large_image","twitter_misc":{"Est. reading time":"4 minutes","Written by":"EDF Blogs"},"schema":{"@context":"https:\/\/schema.org","@graph":[{"@type":"WebPage","@id":"https:\/\/blogs.edf.org\/climate411\/bom-para-o-planeta-na-cop27-lula-da-silva-posicionou-o-brasil-como-um-lider-climatico\/","url":"https:\/\/blogs.edf.org\/climate411\/bom-para-o-planeta-na-cop27-lula-da-silva-posicionou-o-brasil-como-um-lider-climatico\/","name":"Bom para o planeta: Na COP27, Lula da Silva posicionou o Brasil como um l\u00edder clim\u00e1tico - Climate 411","isPartOf":{"@id":"https:\/\/blogs.edf.org\/climate411\/#website"},"primaryImageOfPage":{"@id":"https:\/\/blogs.edf.org\/climate411\/bom-para-o-planeta-na-cop27-lula-da-silva-posicionou-o-brasil-como-um-lider-climatico\/#primaryimage"},"image":{"@id":"https:\/\/blogs.edf.org\/climate411\/bom-para-o-planeta-na-cop27-lula-da-silva-posicionou-o-brasil-como-um-lider-climatico\/#primaryimage"},"thumbnailUrl":"https:\/\/blogs.edf.org\/climate411\/wp-content\/uploads\/sites\/7\/2022\/11\/WhatsApp-Image-2022-11-18-at-5.38.12-PM-e1669134122133-1024x535.jpeg","datePublished":"2022-12-02T16:25:57+00:00","dateModified":"2022-12-02T16:39:07+00:00","breadcrumb":{"@id":"https:\/\/blogs.edf.org\/climate411\/bom-para-o-planeta-na-cop27-lula-da-silva-posicionou-o-brasil-como-um-lider-climatico\/#breadcrumb"},"inLanguage":"en-US","potentialAction":[{"@type":"ReadAction","target":["https:\/\/blogs.edf.org\/climate411\/bom-para-o-planeta-na-cop27-lula-da-silva-posicionou-o-brasil-como-um-lider-climatico\/"]}]},{"@type":"ImageObject","inLanguage":"en-US","@id":"https:\/\/blogs.edf.org\/climate411\/bom-para-o-planeta-na-cop27-lula-da-silva-posicionou-o-brasil-como-um-lider-climatico\/#primaryimage","url":"https:\/\/blogs.edf.org\/climate411\/wp-content\/blogs.dir\/7\/files\/\/2022\/11\/WhatsApp-Image-2022-11-18-at-5.38.12-PM-e1669134122133.jpeg","contentUrl":"https:\/\/blogs.edf.org\/climate411\/wp-content\/blogs.dir\/7\/files\/\/2022\/11\/WhatsApp-Image-2022-11-18-at-5.38.12-PM-e1669134122133.jpeg","width":1600,"height":836,"caption":"Brazilian President-elect Luiz In\u00e1cio Lula da Silva meets with Indigenous leaders at COP27 in Sharm El-Sheikh, Egypt on November 17, 2022. Photo by B\u00e4rbel Henneberger."},{"@type":"BreadcrumbList","@id":"https:\/\/blogs.edf.org\/climate411\/bom-para-o-planeta-na-cop27-lula-da-silva-posicionou-o-brasil-como-um-lider-climatico\/#breadcrumb","itemListElement":[{"@type":"ListItem","position":1,"name":"Home","item":"https:\/\/blogs.edf.org\/climate411\/"},{"@type":"ListItem","position":2,"name":"Bom para o planeta: Na COP27, Lula da Silva posicionou o Brasil como um l\u00edder clim\u00e1tico"}]},{"@type":"WebSite","@id":"https:\/\/blogs.edf.org\/climate411\/#website","url":"https:\/\/blogs.edf.org\/climate411\/","name":"Climate 411","description":"Blogging the science and policy of global warming","potentialAction":[{"@type":"SearchAction","target":{"@type":"EntryPoint","urlTemplate":"https:\/\/blogs.edf.org\/climate411\/?s={search_term_string}"},"query-input":{"@type":"PropertyValueSpecification","valueRequired":true,"valueName":"search_term_string"}}],"inLanguage":"en-US"}]}},"_links":{"self":[{"href":"https:\/\/blogs.edf.org\/climate411\/wp-json\/wp\/v2\/pages\/22820","targetHints":{"allow":["GET"]}}],"collection":[{"href":"https:\/\/blogs.edf.org\/climate411\/wp-json\/wp\/v2\/pages"}],"about":[{"href":"https:\/\/blogs.edf.org\/climate411\/wp-json\/wp\/v2\/types\/page"}],"author":[{"embeddable":true,"href":"https:\/\/blogs.edf.org\/climate411\/wp-json\/wp\/v2\/users\/1"}],"replies":[{"embeddable":true,"href":"https:\/\/blogs.edf.org\/climate411\/wp-json\/wp\/v2\/comments?post=22820"}],"version-history":[{"count":0,"href":"https:\/\/blogs.edf.org\/climate411\/wp-json\/wp\/v2\/pages\/22820\/revisions"}],"wp:attachment":[{"href":"https:\/\/blogs.edf.org\/climate411\/wp-json\/wp\/v2\/media?parent=22820"}],"wp:term":[{"taxonomy":"author","embeddable":true,"href":"https:\/\/blogs.edf.org\/climate411\/wp-json\/wp\/v2\/coauthors?post=22820"}],"curies":[{"name":"wp","href":"https:\/\/api.w.org\/{rel}","templated":true}]}}