{"id":22806,"date":"2022-11-28T14:02:44","date_gmt":"2022-11-28T19:02:44","guid":{"rendered":"https:\/\/blogs.edf.org\/climate411\/?page_id=22806"},"modified":"2026-03-09T15:01:44","modified_gmt":"2026-03-09T20:01:44","slug":"bien-para-el-planeta-en-la-cop27-lula-da-silva-situo-a-brasil-como-lider-climatico","status":"publish","type":"page","link":"https:\/\/blogs.edf.org\/climate411\/bien-para-el-planeta-en-la-cop27-lula-da-silva-situo-a-brasil-como-lider-climatico\/","title":{"rendered":"Bien para el planeta: En la COP27, Lula da Silva situ\u00f3 a Brasil como l\u00edder clim\u00e1tico"},"content":{"rendered":"<figure id=\"attachment_22802\" aria-describedby=\"caption-attachment-22802\" style=\"width: 540px\" class=\"wp-caption aligncenter\"><a href=\"https:\/\/blogs.edf.org\/climate411\/wp-content\/uploads\/sites\/7\/2022\/11\/WhatsApp-Image-2022-11-18-at-5.38.12-PM-e1669134122133.jpeg\"><img loading=\"lazy\" decoding=\"async\" class=\"size-large wp-image-22802\" src=\"https:\/\/blogs.edf.org\/climate411\/wp-content\/uploads\/sites\/7\/2022\/11\/WhatsApp-Image-2022-11-18-at-5.38.12-PM-e1669134122133-1024x535.jpeg\" alt=\"Lula da Silva at COP27\" width=\"540\" height=\"282\" srcset=\"https:\/\/blogs.edf.org\/climate411\/wp-content\/blogs.dir\/7\/files\/2022\/11\/WhatsApp-Image-2022-11-18-at-5.38.12-PM-e1669134122133-1024x535.jpeg 1024w, https:\/\/blogs.edf.org\/climate411\/wp-content\/blogs.dir\/7\/files\/2022\/11\/WhatsApp-Image-2022-11-18-at-5.38.12-PM-e1669134122133-300x157.jpeg 300w, https:\/\/blogs.edf.org\/climate411\/wp-content\/blogs.dir\/7\/files\/2022\/11\/WhatsApp-Image-2022-11-18-at-5.38.12-PM-e1669134122133-768x401.jpeg 768w, https:\/\/blogs.edf.org\/climate411\/wp-content\/blogs.dir\/7\/files\/2022\/11\/WhatsApp-Image-2022-11-18-at-5.38.12-PM-e1669134122133-1536x803.jpeg 1536w, https:\/\/blogs.edf.org\/climate411\/wp-content\/blogs.dir\/7\/files\/2022\/11\/WhatsApp-Image-2022-11-18-at-5.38.12-PM-e1669134122133.jpeg 1600w\" sizes=\"auto, (max-width: 540px) 100vw, 540px\" \/><\/a><figcaption id=\"caption-attachment-22802\" class=\"wp-caption-text\">El presidente electo de Brasil, Luiz In\u00e1cio Lula da Silva, se reune con l\u00edderes Ind\u00edgenas en la COP27 en Sharm El-Sheikh, Egipto, 17 de noviembre del 2022. Photo por COICA.<\/figcaption><\/figure>\n<p><a href=\"https:\/\/blogs.edf.org\/climate411\/2022\/11\/21\/good-for-the-planet-at-cop27-lula-da-silva-positioned-brazil-to-be-a-climate-leader\/\">Read this post in English<\/a><\/p>\n<p><a href=\"https:\/\/blogs.edf.org\/climate411\/bom-para-o-planeta-na-cop27-lula-da-silva-posicionou-o-brasil-como-um-lider-climatico\/\">Leia-o em portugu\u00eas<\/a><\/p>\n<p><em>Este art\u00edculo fue escrito por <a href=\"https:\/\/www.edf.org\/people\/steve-schwartzman\">Steve Schwartzman<\/a>, director de pol\u00edticas de bosques tropicales.<\/em><\/p>\n<p>&#8220;Brasil ha vuelto&#8221;, dijo el presidente electo de Brasil, Luiz In\u00e1cio Lula da Silva, en su discurso del 16 de noviembre ante la COP27 en Sharm El-Sheikh, Egipto. Pero se trata de un Brasil mucho m\u00e1s sensibilizado con el cambio clim\u00e1tico, la deforestaci\u00f3n de la Amazonia y los derechos de los Pueblos Ind\u00edgenas que el que asumi\u00f3 Lula cuando lleg\u00f3 a la presidencia por primera vez en 2003.<\/p>\n<p>Durante su discurso, Lula prometi\u00f3 eliminar la deforestaci\u00f3n en Brasil para el 2030, crear un Ministerio para los Pueblos Ind\u00edgenas, y medidas contra el crimen ambiental, que <a href=\"https:\/\/www.science.org\/content\/article\/illegal-deforestation-brazil-soars-amid-climate-impunity\">ha empeorado<\/a> bajo el gobierno de Jair Bolsonaro. Tambi\u00e9n habl\u00f3 de un regreso a los &#8220;valores civilizadores&#8221; defendidos por su ex ministra de Medio Ambiente y ahora diputada electa, Marina Silva.<\/p>\n<p>Estos anuncios fueron acogidos con gran entusiasmo por el p\u00fablico de Lula en Sharm El-Sheikh, donde los negociadores del clima, la sociedad civil, las empresas y otros interesados en la lucha contra el cambio clim\u00e1tico se reunieron por dos semanas en noviembre.<\/p>\n<p>La perspectiva de que Brasil vuelva a liderar las negociaciones internacionales sobre el clima, as\u00ed como la promesa de una acci\u00f3n firme para combatir al cambio clim\u00e1tico, son ambas desarrollos muy importantes en el movimiento clim\u00e1tico.<\/p>\n<p><!--more--><\/p>\n<p><strong>Lula se adhiere a la acci\u00f3n clim\u00e1tica<\/strong><\/p>\n<p>La presencia de Lula en la COP en si misma es una se\u00f1al de la evoluci\u00f3n de las opiniones del pr\u00f3ximo mandatario brasile\u00f1o. En 2002, el entonces presidente electo Lula no habr\u00eda sabido qu\u00e9 hacer con una invitaci\u00f3n a la cumbre anual sobre el clima. El cambio clim\u00e1tico y la protecci\u00f3n de la Amazonia no eran entonces una prioridad para Lula ni para muchos brasile\u00f1os. En 2022, el presidente electo Lula ha prometido celebrar una futura COP en un estado amaz\u00f3nico en Brasil.<\/p>\n<p>Lula se ha comprometido a poner fin a la deforestaci\u00f3n de la Amazonia y ha anunciado que Brasil volver\u00e1 a comprometerse con los donantes internacionales para reactivar el <a href=\"http:\/\/www.amazonfund.gov.br\/en\/home\/\">Fondo de la Amazonia<\/a> para ayudar a pagar la lucha contra la deforestaci\u00f3n.<\/p>\n<p><strong>Hacer los derechos de los Pueblos Ind\u00edgenas una prioridad<\/strong><\/p>\n<p>Muy significativo es el enfoque de Lula hacia los Pueblos Ind\u00edgenas y las comunidades locales. Durante su discurso, reiter\u00f3 su compromiso de hacer de los derechos de los Pueblos Ind\u00edgenas una prioridad m\u00e1s alta que nunca en su gobierno.<\/p>\n<p>Al d\u00eda siguiente de su discurso en la COP, celebr\u00f3 un evento de alto nivel con l\u00edderes Ind\u00edgenas de todo el mundo. Las personas que estuvieron presentes en la sala nos contaron c\u00f3mo una sensaci\u00f3n de felicidad y alivio impregn\u00f3 a los asistentes. &#8220;Se ha comprometido a hablar en nombre de los Pueblos Ind\u00edgenas y a ser un l\u00edder pol\u00edtico que aprovechar\u00e1 nuestras estrategias y propuestas en los debates sobre la biodiversidad y el cambio clim\u00e1tico&#8221;, as\u00ed resumi\u00f3 la reuni\u00f3n Harol Rinc\u00f3n Ipuchima, Coordinador de Cambio Clim\u00e1tico y Biodiversidad de la COICA y Co-Chair del Caucus Global de Pueblos Ind\u00edgenas ante la CMNUCC.<\/p>\n<p>O como nos dijo Elcio Manchineri, Coordinador General de la COIAB, Coordinaci\u00f3n de las Organizaciones Ind\u00edgenas de la Amazonia Brasile\u00f1a: &#8220;Poder participar en el nuevo gobierno ser\u00e1 muy importante para nosotros los ind\u00edgenas, y para Brasil&#8221;.<\/p>\n<p><strong>Liderazgo clim\u00e1tico<\/strong><\/p>\n<p>Lula tambi\u00e9n abord\u00f3 directamente cuestiones claves en las negociaciones, como el tema de p\u00e9rdidas y da\u00f1os y el compromiso de los pa\u00edses desarrollados con la financiaci\u00f3n de la adaptaci\u00f3n para los pa\u00edses pobres, de una manera m\u00e1s informada y comprometida que la que hemos visto en presidentes anteriores brasile\u00f1os. En este momento, Lula parece estar preparado para ejercer el liderazgo en materia de cambio clim\u00e1tico que el mundo necesita de Brasil.<\/p>\n<p>Todos estos son motivos de esperanza en la lucha contra el cambio clim\u00e1tico.<\/p>\n<p>El consenso cient\u00edfico es que la selva amaz\u00f3nica se est\u00e1 <a href=\"https:\/\/es.mongabay.com\/2022\/09\/alerta-por-deforestacion-y-degradacion-de-la-amazonia-punto-de-no-retorno\/\">acercando a un punto de inflexi\u00f3n<\/a>, m\u00e1s all\u00e1 del cual una gran parte de la selva se transforma en una s\u00e1bana de matorrales. La p\u00e9rdida masiva de \u00e1rboles y vegetaci\u00f3n podr\u00eda liberar suficiente carbono a la atm\u00f3sfera como para asegurar las consecuencias catastr\u00f3ficas del cambio clim\u00e1tico en todo el mundo. Otros cuatro a\u00f1os de promoci\u00f3n agresiva de la deforestaci\u00f3n y de invasi\u00f3n de los territorios Ind\u00edgenas empujar\u00edan, en opini\u00f3n de muchos observadores, a la Amazon\u00eda por encima del punto de inflexi\u00f3n.<\/p>\n<p>No podemos subrayar demasiado la importancia de la probabilidad de que Brasil vuelva a tomar acciones concretas para detener la deforestaci\u00f3n de la Amazonia. Los 60 millones de brasile\u00f1os que votaron por Lula pueden haber votado para salvar el planeta.<\/p>\n<p>&nbsp;<\/p>\n","protected":false},"excerpt":{"rendered":"<p>Read this post in English Leia-o em portugu\u00eas Este art\u00edculo fue escrito por Steve Schwartzman, director de pol\u00edticas de bosques tropicales. &#8220;Brasil ha vuelto&#8221;, dijo el presidente electo de Brasil, Luiz In\u00e1cio Lula da Silva, en su discurso del 16 de noviembre ante la COP27 en Sharm El-Sheikh, Egipto. Pero se trata de un Brasil &#8230;<\/p>\n","protected":false},"author":1,"featured_media":0,"parent":0,"menu_order":0,"comment_status":"closed","ping_status":"closed","template":"","meta":{"_acf_changed":false,"footnotes":""},"coauthors":[108026],"class_list":["post-22806","page","type-page","status-publish","hentry"],"acf":[],"yoast_head":"<!-- This site is optimized with the Yoast SEO plugin v27.3 - https:\/\/yoast.com\/product\/yoast-seo-wordpress\/ -->\n<title>Bien para el planeta: En la COP27, Lula da Silva situ\u00f3 a Brasil como l\u00edder clim\u00e1tico - Climate 411<\/title>\n<meta name=\"robots\" content=\"index, follow, max-snippet:-1, max-image-preview:large, max-video-preview:-1\" \/>\n<link rel=\"canonical\" href=\"https:\/\/blogs.edf.org\/climate411\/bien-para-el-planeta-en-la-cop27-lula-da-silva-situo-a-brasil-como-lider-climatico\/\" \/>\n<meta property=\"og:locale\" content=\"en_US\" \/>\n<meta property=\"og:type\" content=\"article\" \/>\n<meta property=\"og:title\" content=\"Bien para el planeta: En la COP27, Lula da Silva situ\u00f3 a Brasil como l\u00edder clim\u00e1tico - Climate 411\" \/>\n<meta property=\"og:description\" content=\"Read this post in English Leia-o em portugu\u00eas Este art\u00edculo fue escrito por Steve Schwartzman, director de pol\u00edticas de bosques tropicales. &#8220;Brasil ha vuelto&#8221;, dijo el presidente electo de Brasil, Luiz In\u00e1cio Lula da Silva, en su discurso del 16 de noviembre ante la COP27 en Sharm El-Sheikh, Egipto. Pero se trata de un Brasil ...\" \/>\n<meta property=\"og:url\" content=\"https:\/\/blogs.edf.org\/climate411\/bien-para-el-planeta-en-la-cop27-lula-da-silva-situo-a-brasil-como-lider-climatico\/\" \/>\n<meta property=\"og:site_name\" content=\"Climate 411\" \/>\n<meta property=\"article:modified_time\" content=\"2026-03-09T20:01:44+00:00\" \/>\n<meta property=\"og:image\" content=\"https:\/\/blogs.edf.org\/climate411\/wp-content\/blogs.dir\/7\/files\/\/2022\/11\/WhatsApp-Image-2022-11-18-at-5.38.12-PM-e1669134122133.jpeg\" \/>\n\t<meta property=\"og:image:width\" content=\"1600\" \/>\n\t<meta property=\"og:image:height\" content=\"836\" \/>\n\t<meta property=\"og:image:type\" content=\"image\/jpeg\" \/>\n<meta name=\"twitter:card\" content=\"summary_large_image\" \/>\n<meta name=\"twitter:label1\" content=\"Est. reading time\" \/>\n\t<meta name=\"twitter:data1\" content=\"4 minutes\" \/>\n\t<meta name=\"twitter:label2\" content=\"Written by\" \/>\n\t<meta name=\"twitter:data2\" content=\"EDF Blogs\" \/>\n<script type=\"application\/ld+json\" class=\"yoast-schema-graph\">{\"@context\":\"https:\\\/\\\/schema.org\",\"@graph\":[{\"@type\":\"WebPage\",\"@id\":\"https:\\\/\\\/blogs.edf.org\\\/climate411\\\/bien-para-el-planeta-en-la-cop27-lula-da-silva-situo-a-brasil-como-lider-climatico\\\/\",\"url\":\"https:\\\/\\\/blogs.edf.org\\\/climate411\\\/bien-para-el-planeta-en-la-cop27-lula-da-silva-situo-a-brasil-como-lider-climatico\\\/\",\"name\":\"Bien para el planeta: En la COP27, Lula da Silva situ\u00f3 a Brasil como l\u00edder clim\u00e1tico - Climate 411\",\"isPartOf\":{\"@id\":\"https:\\\/\\\/blogs.edf.org\\\/climate411\\\/#website\"},\"primaryImageOfPage\":{\"@id\":\"https:\\\/\\\/blogs.edf.org\\\/climate411\\\/bien-para-el-planeta-en-la-cop27-lula-da-silva-situo-a-brasil-como-lider-climatico\\\/#primaryimage\"},\"image\":{\"@id\":\"https:\\\/\\\/blogs.edf.org\\\/climate411\\\/bien-para-el-planeta-en-la-cop27-lula-da-silva-situo-a-brasil-como-lider-climatico\\\/#primaryimage\"},\"thumbnailUrl\":\"https:\\\/\\\/blogs.edf.org\\\/climate411\\\/wp-content\\\/uploads\\\/sites\\\/7\\\/2022\\\/11\\\/WhatsApp-Image-2022-11-18-at-5.38.12-PM-e1669134122133-1024x535.jpeg\",\"datePublished\":\"2022-11-28T19:02:44+00:00\",\"dateModified\":\"2026-03-09T20:01:44+00:00\",\"breadcrumb\":{\"@id\":\"https:\\\/\\\/blogs.edf.org\\\/climate411\\\/bien-para-el-planeta-en-la-cop27-lula-da-silva-situo-a-brasil-como-lider-climatico\\\/#breadcrumb\"},\"inLanguage\":\"en-US\",\"potentialAction\":[{\"@type\":\"ReadAction\",\"target\":[\"https:\\\/\\\/blogs.edf.org\\\/climate411\\\/bien-para-el-planeta-en-la-cop27-lula-da-silva-situo-a-brasil-como-lider-climatico\\\/\"]}]},{\"@type\":\"ImageObject\",\"inLanguage\":\"en-US\",\"@id\":\"https:\\\/\\\/blogs.edf.org\\\/climate411\\\/bien-para-el-planeta-en-la-cop27-lula-da-silva-situo-a-brasil-como-lider-climatico\\\/#primaryimage\",\"url\":\"https:\\\/\\\/blogs.edf.org\\\/climate411\\\/wp-content\\\/blogs.dir\\\/7\\\/files\\\/\\\/2022\\\/11\\\/WhatsApp-Image-2022-11-18-at-5.38.12-PM-e1669134122133.jpeg\",\"contentUrl\":\"https:\\\/\\\/blogs.edf.org\\\/climate411\\\/wp-content\\\/blogs.dir\\\/7\\\/files\\\/\\\/2022\\\/11\\\/WhatsApp-Image-2022-11-18-at-5.38.12-PM-e1669134122133.jpeg\",\"width\":1600,\"height\":836,\"caption\":\"Brazilian President-elect Luiz In\u00e1cio Lula da Silva meets with Indigenous leaders at COP27 in Sharm El-Sheikh, Egypt on November 17, 2022. Photo by B\u00e4rbel Henneberger.\"},{\"@type\":\"BreadcrumbList\",\"@id\":\"https:\\\/\\\/blogs.edf.org\\\/climate411\\\/bien-para-el-planeta-en-la-cop27-lula-da-silva-situo-a-brasil-como-lider-climatico\\\/#breadcrumb\",\"itemListElement\":[{\"@type\":\"ListItem\",\"position\":1,\"name\":\"Home\",\"item\":\"https:\\\/\\\/blogs.edf.org\\\/climate411\\\/\"},{\"@type\":\"ListItem\",\"position\":2,\"name\":\"Bien para el planeta: En la COP27, Lula da Silva situ\u00f3 a Brasil como l\u00edder clim\u00e1tico\"}]},{\"@type\":\"WebSite\",\"@id\":\"https:\\\/\\\/blogs.edf.org\\\/climate411\\\/#website\",\"url\":\"https:\\\/\\\/blogs.edf.org\\\/climate411\\\/\",\"name\":\"Climate 411\",\"description\":\"Blogging the science and policy of global warming\",\"potentialAction\":[{\"@type\":\"SearchAction\",\"target\":{\"@type\":\"EntryPoint\",\"urlTemplate\":\"https:\\\/\\\/blogs.edf.org\\\/climate411\\\/?s={search_term_string}\"},\"query-input\":{\"@type\":\"PropertyValueSpecification\",\"valueRequired\":true,\"valueName\":\"search_term_string\"}}],\"inLanguage\":\"en-US\"}]}<\/script>\n<!-- \/ Yoast SEO plugin. -->","yoast_head_json":{"title":"Bien para el planeta: En la COP27, Lula da Silva situ\u00f3 a Brasil como l\u00edder clim\u00e1tico - Climate 411","robots":{"index":"index","follow":"follow","max-snippet":"max-snippet:-1","max-image-preview":"max-image-preview:large","max-video-preview":"max-video-preview:-1"},"canonical":"https:\/\/blogs.edf.org\/climate411\/bien-para-el-planeta-en-la-cop27-lula-da-silva-situo-a-brasil-como-lider-climatico\/","og_locale":"en_US","og_type":"article","og_title":"Bien para el planeta: En la COP27, Lula da Silva situ\u00f3 a Brasil como l\u00edder clim\u00e1tico - Climate 411","og_description":"Read this post in English Leia-o em portugu\u00eas Este art\u00edculo fue escrito por Steve Schwartzman, director de pol\u00edticas de bosques tropicales. &#8220;Brasil ha vuelto&#8221;, dijo el presidente electo de Brasil, Luiz In\u00e1cio Lula da Silva, en su discurso del 16 de noviembre ante la COP27 en Sharm El-Sheikh, Egipto. Pero se trata de un Brasil ...","og_url":"https:\/\/blogs.edf.org\/climate411\/bien-para-el-planeta-en-la-cop27-lula-da-silva-situo-a-brasil-como-lider-climatico\/","og_site_name":"Climate 411","article_modified_time":"2026-03-09T20:01:44+00:00","og_image":[{"width":1600,"height":836,"url":"https:\/\/blogs.edf.org\/climate411\/wp-content\/blogs.dir\/7\/files\/\/2022\/11\/WhatsApp-Image-2022-11-18-at-5.38.12-PM-e1669134122133.jpeg","type":"image\/jpeg"}],"twitter_card":"summary_large_image","twitter_misc":{"Est. reading time":"4 minutes","Written by":"EDF Blogs"},"schema":{"@context":"https:\/\/schema.org","@graph":[{"@type":"WebPage","@id":"https:\/\/blogs.edf.org\/climate411\/bien-para-el-planeta-en-la-cop27-lula-da-silva-situo-a-brasil-como-lider-climatico\/","url":"https:\/\/blogs.edf.org\/climate411\/bien-para-el-planeta-en-la-cop27-lula-da-silva-situo-a-brasil-como-lider-climatico\/","name":"Bien para el planeta: En la COP27, Lula da Silva situ\u00f3 a Brasil como l\u00edder clim\u00e1tico - Climate 411","isPartOf":{"@id":"https:\/\/blogs.edf.org\/climate411\/#website"},"primaryImageOfPage":{"@id":"https:\/\/blogs.edf.org\/climate411\/bien-para-el-planeta-en-la-cop27-lula-da-silva-situo-a-brasil-como-lider-climatico\/#primaryimage"},"image":{"@id":"https:\/\/blogs.edf.org\/climate411\/bien-para-el-planeta-en-la-cop27-lula-da-silva-situo-a-brasil-como-lider-climatico\/#primaryimage"},"thumbnailUrl":"https:\/\/blogs.edf.org\/climate411\/wp-content\/uploads\/sites\/7\/2022\/11\/WhatsApp-Image-2022-11-18-at-5.38.12-PM-e1669134122133-1024x535.jpeg","datePublished":"2022-11-28T19:02:44+00:00","dateModified":"2026-03-09T20:01:44+00:00","breadcrumb":{"@id":"https:\/\/blogs.edf.org\/climate411\/bien-para-el-planeta-en-la-cop27-lula-da-silva-situo-a-brasil-como-lider-climatico\/#breadcrumb"},"inLanguage":"en-US","potentialAction":[{"@type":"ReadAction","target":["https:\/\/blogs.edf.org\/climate411\/bien-para-el-planeta-en-la-cop27-lula-da-silva-situo-a-brasil-como-lider-climatico\/"]}]},{"@type":"ImageObject","inLanguage":"en-US","@id":"https:\/\/blogs.edf.org\/climate411\/bien-para-el-planeta-en-la-cop27-lula-da-silva-situo-a-brasil-como-lider-climatico\/#primaryimage","url":"https:\/\/blogs.edf.org\/climate411\/wp-content\/blogs.dir\/7\/files\/\/2022\/11\/WhatsApp-Image-2022-11-18-at-5.38.12-PM-e1669134122133.jpeg","contentUrl":"https:\/\/blogs.edf.org\/climate411\/wp-content\/blogs.dir\/7\/files\/\/2022\/11\/WhatsApp-Image-2022-11-18-at-5.38.12-PM-e1669134122133.jpeg","width":1600,"height":836,"caption":"Brazilian President-elect Luiz In\u00e1cio Lula da Silva meets with Indigenous leaders at COP27 in Sharm El-Sheikh, Egypt on November 17, 2022. Photo by B\u00e4rbel Henneberger."},{"@type":"BreadcrumbList","@id":"https:\/\/blogs.edf.org\/climate411\/bien-para-el-planeta-en-la-cop27-lula-da-silva-situo-a-brasil-como-lider-climatico\/#breadcrumb","itemListElement":[{"@type":"ListItem","position":1,"name":"Home","item":"https:\/\/blogs.edf.org\/climate411\/"},{"@type":"ListItem","position":2,"name":"Bien para el planeta: En la COP27, Lula da Silva situ\u00f3 a Brasil como l\u00edder clim\u00e1tico"}]},{"@type":"WebSite","@id":"https:\/\/blogs.edf.org\/climate411\/#website","url":"https:\/\/blogs.edf.org\/climate411\/","name":"Climate 411","description":"Blogging the science and policy of global warming","potentialAction":[{"@type":"SearchAction","target":{"@type":"EntryPoint","urlTemplate":"https:\/\/blogs.edf.org\/climate411\/?s={search_term_string}"},"query-input":{"@type":"PropertyValueSpecification","valueRequired":true,"valueName":"search_term_string"}}],"inLanguage":"en-US"}]}},"_links":{"self":[{"href":"https:\/\/blogs.edf.org\/climate411\/wp-json\/wp\/v2\/pages\/22806","targetHints":{"allow":["GET"]}}],"collection":[{"href":"https:\/\/blogs.edf.org\/climate411\/wp-json\/wp\/v2\/pages"}],"about":[{"href":"https:\/\/blogs.edf.org\/climate411\/wp-json\/wp\/v2\/types\/page"}],"author":[{"embeddable":true,"href":"https:\/\/blogs.edf.org\/climate411\/wp-json\/wp\/v2\/users\/1"}],"replies":[{"embeddable":true,"href":"https:\/\/blogs.edf.org\/climate411\/wp-json\/wp\/v2\/comments?post=22806"}],"version-history":[{"count":1,"href":"https:\/\/blogs.edf.org\/climate411\/wp-json\/wp\/v2\/pages\/22806\/revisions"}],"predecessor-version":[{"id":25861,"href":"https:\/\/blogs.edf.org\/climate411\/wp-json\/wp\/v2\/pages\/22806\/revisions\/25861"}],"wp:attachment":[{"href":"https:\/\/blogs.edf.org\/climate411\/wp-json\/wp\/v2\/media?parent=22806"}],"wp:term":[{"taxonomy":"author","embeddable":true,"href":"https:\/\/blogs.edf.org\/climate411\/wp-json\/wp\/v2\/coauthors?post=22806"}],"curies":[{"name":"wp","href":"https:\/\/api.w.org\/{rel}","templated":true}]}}